{"id":2378,"date":"2023-07-04T15:54:50","date_gmt":"2023-07-04T15:54:50","guid":{"rendered":"https:\/\/silviagarciapsicologia.com\/area-infantil-i-adolescent\/"},"modified":"2023-08-02T11:12:36","modified_gmt":"2023-08-02T11:12:36","slug":"area-infantil-i-adolescent","status":"publish","type":"page","link":"https:\/\/silviagarciapsicologia.com\/es\/area-infantil-i-adolescent\/","title":{"rendered":"\u00c1rea Infantil y Adolescente"},"content":{"rendered":"<section class=\"wpb-content-wrapper\"><p>[vc_row content_placement=\u00bbmiddle\u00bb row_content_width=\u00bbgrid\u00bb content_text_alignment=\u00bbcenter\u00bb el_class=\u00bbqodef-margin-grid\u00bb css=\u00bb.vc_custom_1689756341399{background-image: url(https:\/\/silviagarciapsicologia.com\/wp-content\/uploads\/2023\/07\/area-infantil-espai-psicologia.png?id=2161) !important;}\u00bb][vc_column css=\u00bb.vc_custom_1575457169942{padding-top: 159px !important;padding-bottom: 186px !important;}\u00bb column_responsive_padding_1024=\u00bb113px 15px 133px\u00bb column_responsive_padding_768=\u00bb114px 15px 134px\u00bb column_responsive_padding_680=\u00bb72px 15px 87px\u00bb column_responsive_padding_1440=\u00bb129px 15px 156px\u00bb column_responsive_padding_1280=\u00bb99px 15px 128px\u00bb]<h1 class=\"qodef-shortcode qodef-m  qodef-custom-font qodef-custom-font-8734 qodef-layout--simple\" style=\"color: #ffffff;font-size: 110px;line-height: 120px\">\u00c1rea Infantil y Adolescente<\/h1>[\/vc_column][\/vc_row][vc_row content_placement=\u00bbmiddle\u00bb row_content_width=\u00bbgrid\u00bb css=\u00bb.vc_custom_1574088084277{margin-bottom: 0px !important;border-bottom-width: 0px !important;padding-top: 54px !important;padding-bottom: 0px !important;}\u00bb][vc_column css=\u00bb.vc_custom_1577104680470{margin-bottom: 0px !important;border-bottom-width: 0px !important;padding-right: 106px !important;padding-bottom: 40px !important;}\u00bb offset=\u00bbvc_col-lg-6 vc_col-md-12&#8243; column_responsive_padding_1366=\u00bb0px 55px 4px 15px\u00bb column_responsive_padding_1440=\u00bb0px 55px 4px 15px\u00bb column_responsive_padding_1280=\u00bb0px 19px 36px 15px\u00bb column_responsive_padding_1024=\u00bb28px 15px 45px\u00bb column_responsive_padding_680=\u00bb28px 15px 24px\u00bb]<div class=\"qodef-shortcode qodef-m  qodef-section-title qodef-alignment--left \">\n\t\t<p class=\"qodef-m-subtitle\" style=\"color: #3e3930\">Silvia Garcia<\/p>\n\t\t<h3 class=\"qodef-m-title\" style=\"color: #3e3930\">\n\t\t\t\t\t\u00c1rea Infantil y Adolescente\t\t\t<\/h3>\n\t\t<p class=\"qodef-m-text\" >Cada ni\u00f1o es \u00fanico e irrepetible; suele saber qu\u00e9 necesita y agradece que le cojas de la mano para acompa\u00f1arle en la b\u00fasqueda de \u201csus\u201d soluciones propias. Me gusta contemplarlos en su esencia, descubrirlos y formar parte, durante un tiempo, de su tribu, para empoderarlos y poder disfrutar del momento en que emprenden el vuelo. El aprendizaje con ni\u00f1os y adolescentes es un viaje en dos direcciones; por ello considero la terapia como un espacio compartido. Aprendemos juntos a mirar una realidad y a transformarla, con peque\u00f1os y delicados movimientos; un engranaje a cuatro manos (o m\u00e1s) que se convierte, casi siempre, en transformador para todas y todos los participantes. Me gusta tambi\u00e9n ver la terapia como un espacio familiar, donde nos implicamos todos y todas, para deshacer nudos y crear una situaci\u00f3n nueva que nos reporte m\u00e1s bienestar.<\/p>\n<\/div>[vc_empty_space][vc_empty_space height=\u00bb3px\u00bb][\/vc_column][vc_column offset=\u00bbvc_col-lg-offset-0 vc_col-lg-6 vc_col-md-offset-0 vc_col-md-12&#8243; css=\u00bb.vc_custom_1577102660411{padding-left: 100px !important;}\u00bb column_responsive_padding_1440=\u00bb35px 15px 0px 28px\u00bb column_responsive_padding_1280=\u00bb0px 15px 0px 25px\u00bb column_responsive_padding_1024=\u00bb0px 15px 90px\u00bb column_responsive_padding_680=\u00bb0px 15px 69px\u00bb]<div class=\"qodef-shortcode qodef-m  qodef-stacked-images qodef-layout--default qodef-stack--bottom\">\n\t<div class=\"qodef-m-images\">\n\t\t<div class=\"qodef-e-main-image-holder\">\n\t\t\t<div class=\"qodef-e-main-image-zoom-holder\">\n\t\t\t\t\t\t\t<img loading=\"lazy\" decoding=\"async\" width=\"1000\" height=\"1111\" src=\"https:\/\/silviagarciapsicologia.com\/wp-content\/uploads\/2023\/07\/psicologia-area-infantil.jpg\" class=\"qodef-e-main-image\" alt=\"\u00c0rea Infantil Psicologia Manresa\" srcset=\"https:\/\/silviagarciapsicologia.com\/wp-content\/uploads\/2023\/07\/psicologia-area-infantil.jpg 1000w, https:\/\/silviagarciapsicologia.com\/wp-content\/uploads\/2023\/07\/psicologia-area-infantil-270x300.jpg 270w, https:\/\/silviagarciapsicologia.com\/wp-content\/uploads\/2023\/07\/psicologia-area-infantil-922x1024.jpg 922w, https:\/\/silviagarciapsicologia.com\/wp-content\/uploads\/2023\/07\/psicologia-area-infantil-768x853.jpg 768w\" sizes=\"auto, (max-width: 1000px) 100vw, 1000px\" \/>\t\t\t\t\t\t<\/div>\n\t\t<\/div>\n\t\t\t\n\t<\/div>\n<\/div>[\/vc_column][\/vc_row][vc_row content_placement=\u00bbmiddle\u00bb row_content_width=\u00bbgrid\u00bb css=\u00bb.vc_custom_1576673242451{margin-top: -74px !important;margin-bottom: 0px !important;border-top-width: 0px !important;border-bottom-width: 0px !important;padding-top: 0px !important;padding-bottom: 0px !important;}\u00bb][vc_column css=\u00bb.vc_custom_1577102666078{margin-top: 0px !important;margin-bottom: 0px !important;border-top-width: 0px !important;border-bottom-width: 0px !important;padding-top: 0px !important;padding-right: 100px !important;padding-bottom: 0px !important;}\u00bb offset=\u00bbvc_col-lg-6 vc_col-md-12&#8243; column_responsive_padding_1440=\u00bb0px 28px 0px 15px\u00bb column_responsive_padding_1280=\u00bb0px 25px 0px 15px\u00bb column_responsive_padding_1024=\u00bb0px 15px\u00bb]<div class=\"qodef-shortcode qodef-m  qodef-stacked-images qodef-layout--default qodef-stack--bottom\">\n\t<div class=\"qodef-m-images\">\n\t\t<div class=\"qodef-e-main-image-holder\">\n\t\t\t<div class=\"qodef-e-main-image-zoom-holder\">\n\t\t\t\t\t\t\t<img loading=\"lazy\" decoding=\"async\" width=\"1000\" height=\"1111\" src=\"https:\/\/silviagarciapsicologia.com\/wp-content\/uploads\/2023\/07\/infantil2.png\" class=\"qodef-e-main-image\" alt=\"S\u00edlvia Garcia Espai Psicologia\" srcset=\"https:\/\/silviagarciapsicologia.com\/wp-content\/uploads\/2023\/07\/infantil2.png 1000w, https:\/\/silviagarciapsicologia.com\/wp-content\/uploads\/2023\/07\/infantil2-270x300.png 270w, https:\/\/silviagarciapsicologia.com\/wp-content\/uploads\/2023\/07\/infantil2-922x1024.png 922w, https:\/\/silviagarciapsicologia.com\/wp-content\/uploads\/2023\/07\/infantil2-768x853.png 768w\" sizes=\"auto, (max-width: 1000px) 100vw, 1000px\" \/>\t\t\t\t\t\t<\/div>\n\t\t<\/div>\n\t\t\t\n\t<\/div>\n<\/div>[\/vc_column][vc_column css=\u00bb.vc_custom_1577105224206{padding-bottom: 74px !important;padding-left: 100px !important;}\u00bb offset=\u00bbvc_col-lg-offset-0 vc_col-lg-6 vc_col-md-12&#8243; column_responsive_padding_1440=\u00bb0px 15px 36px 29px\u00bb column_responsive_padding_1280=\u00bb0px 11px 34px 26px\u00bb column_responsive_padding_1024=\u00bb6px 15px 111px 15px\u00bb column_responsive_padding_680=\u00bb7px 15px 104px\u00bb column_responsive_padding_768=\u00bb6px 15px 111px 15px\u00bb column_responsive_padding_1366=\u00bb0px 15px 36px 29px\u00bb][vc_raw_html]JTNDc3Ryb25nJTNFRXMlMjBwb3NpYmxlJTIwcXVlJTIwdHUlMjBoaWpvJTIwbyUyMGhpamElM0ElM0MlMkZzdHJvbmclM0UlM0NiciUzRSUwQS0lMjBIYWdhJTIwcmFiaWV0YXMlMjB5JTIwZXNvJTIwdGUlMjBoYWdhJTIwc2VudGlyJTIwZGVzYm9yZGFkbyUyRmEuJTNDYnIlM0UlMEEtJTIwSGFnYSUyMGFsZ3VuYSUyMHJlZ3Jlc2klQzMlQjNuJTIwZW4lMjBoJUMzJUExYml0b3MlMjBxdWUlMjBlc3RhYmFuJTIwc3VwZXJhZG9zLiUzQ2JyJTNFJTBBLSUyME5vJTIwc2UlMjBjb211bmlxdWUlMjBhZGVjdWFkYW1lbnRlJTIwY29uJTIwbG9zJTIwZGVtJUMzJUExcyUyMG5pJUMzJUIxb3MlMjBvJTIwY29uJTIwbG9zJTIwYWR1bHRvcyUyQyUyMHlhJTIwc2VhJTIwcG9yJTIwdGltaWRleiUyMG8lMjBkZWJpZG8lMjBhJTIwdW4lMjBjb21wb3J0YW1pZW50byUyMGRlc2FmaWFudGUlMjBvJTIwaW1wdWxzaXZvLiUzQ2JyJTNFJTBBLSUyME11ZXN0cmUlMjBzaWdub3MlMjBkZSUyMHRyaXN0ZXphJTIwbyUyMGRlJTIwZnJ1c3RyYWNpJUMzJUIzbi4lM0NiciUzRSUwQS0lMjBTaWVudGElMjBhbmd1c3RpYSUyMHklMjBubyUyMHNlYSUyMGNhcGF6JTIwZGUlMjByZWd1bGFyJTIwc3VzJTIwZW1vY2lvbmVzLiUzQ2JyJTNFJTBBLSUyMFN1ZnJhJTIwYWxnJUMzJUJBbiUyMG1hbGVzdGFyJTIwZW1vY2lvbmFsJTIwc2luJTIwcXVlJTIwaGF5JUMzJUExaXMlMjBwb2RpZG8lMjBhdmVyaWd1YXIlMjBsYSUyMGNhdXNhLiUzQ2JyJTNFJTBB[\/vc_raw_html][vc_empty_space][vc_empty_space height=\u00bb3px\u00bb][\/vc_column][\/vc_row][vc_row content_placement=\u00bbmiddle\u00bb row_content_width=\u00bbgrid\u00bb css=\u00bb.vc_custom_1576673476866{margin-top: -74px !important;}\u00bb][vc_column css=\u00bb.vc_custom_1577104752097{margin-top: 0px !important;border-top-width: 0px !important;padding-top: 0px !important;padding-right: 106px !important;padding-bottom: 40px !important;}\u00bb column_responsive_padding_1440=\u00bb0px 55px 36px 15px\u00bb offset=\u00bbvc_col-lg-6 vc_col-md-12&#8243; column_responsive_padding_1280=\u00bb0px 19px 36px 15px\u00bb column_responsive_padding_1366=\u00bb0px 55px 36px 15px\u00bb column_responsive_padding_1024=\u00bb0px 15px\u00bb column_responsive_padding_680=\u00bb7px 15px 0px\u00bb][vc_raw_html]JTNDc3Ryb25nJTNFQ29uJTIwbGElMjB0ZXJhcGlhJTJDJTIwbGElMjBmYW1pbGlhJTIwcHVlZGUlMjBjb25zZWd1aXIlM0ElM0MlMkZzdHJvbmclM0UlM0NiciUzRSUwQS0lMjBFbnRlbmRlciUyMGxvcyUyMHNlbnRpbWllbnRvcyUyMHklMjBlbW9jaW9uZXMlMjBkZSUyMGxvcyUyMG5pJUMzJUIxb3MlMkMlMjB2YWxpZGFybG9zJTIweSUyMHBvZGVyJTIwb2ZyZWNlcmxlcyUyMHVuJTIwZXNwYWNpby4lM0NiciUzRSUwQS0lMjBEZXNjdWJyaXIlMjBxdSVDMyVBOSUyMGluZmFuY2lhJTIwaGFiJUMzJUE5aXMlMjB0ZW5pZG8lMjBjb21vJTIwcGFkcmVzJTJDJTIwcXUlQzMlQTklMjBtb2RlbG9zJTIwaGFiJUMzJUE5aXMlMjByZWNpYmlkbyUyMHklMjBjJUMzJUIzbW8lMjBlc3RlJTIwaGVjaG8lMjBvcyUyMHB1ZWRlJTIwZXN0YXIlMjBjb25kaWNpb25hbmRvLiUzQ2JyJTNFJTBBLSUyMEZhdm9yZWNlciUyQyUyMGRlc2RlJTIwZWwlMjBwcm9waW8lMjBjb25vY2ltaWVudG8lMkMlMjBmb3JtYXMlMjBtJUMzJUExcyUyMHJlcGFyYWRvcmFzJTIwZGUlMjBpbnRlcnZlbmlyJTIwY29tbyUyMHBhZHJlcy4lM0NiciUzRSUwQS0lMjBNZWpvcmFyJTIwbGElMjBjb211bmljYWNpJUMzJUIzbiUyMHklMjBlbCUyMHYlQzMlQURuY3VsbyUyMGRlbnRybyUyMGRlbCUyMHNpc3RlbWElMjBmYW1pbGlhci4lM0NiciUzRSUwQS0lMjBNZWpvcmFyJTIwbGElMjByZWd1bGFjaSVDMyVCM24lMjBlbW9jaW9uYWwlMjBkZSUyMHZ1ZXN0cm8lMjBoaWpvJTJGYS4lM0NiciUzRSUwQS0lMjBGb21lbnRhciUyMHN1JTIwYXV0b25vbSVDMyVBRGEuJTNDYnIlM0UlMEEtJTIwRm9tZW50YXIlMjBzdXMlMjBoYWJpbGlkYWRlcyUyMHNvY2lhbGVzJTIweSUyMGVtb2Npb25hbGVzLiUzQ2JyJTNFJTBBLSUyMFJlc29sdmVyJTIwc2l0dWFjaW9uZXMlMjBxdWUlMjBoYXN0YSUyMGFob3JhJTIwZXN0YWJhbiUyMGJsb3F1ZWFkYXMuJTNDYnIlM0UlMEE=[\/vc_raw_html][vc_empty_space][vc_empty_space height=\u00bb3px\u00bb][\/vc_column][vc_column offset=\u00bbvc_col-lg-6 vc_col-md-12&#8243; css=\u00bb.vc_custom_1577102919874{padding-left: 100px !important;}\u00bb column_responsive_padding_1440=\u00bb0px 15px 0px 28px\u00bb column_responsive_padding_1280=\u00bb0px 15px 0px 25px\u00bb column_responsive_padding_1024=\u00bb44px 15px 0px\u00bb column_responsive_padding_680=\u00bb25px 15px 0px\u00bb]<div class=\"qodef-shortcode qodef-m  qodef-stacked-images qodef-layout--default qodef-stack--bottom\">\n\t<div class=\"qodef-m-images\">\n\t\t<div class=\"qodef-e-main-image-holder\">\n\t\t\t<div class=\"qodef-e-main-image-zoom-holder\">\n\t\t\t\t\t\t\t<img loading=\"lazy\" decoding=\"async\" width=\"1000\" height=\"1111\" src=\"https:\/\/silviagarciapsicologia.com\/wp-content\/uploads\/2023\/07\/infantil3.png\" class=\"qodef-e-main-image\" alt=\"S\u00edlvia Garcia Espai Psicologia\" srcset=\"https:\/\/silviagarciapsicologia.com\/wp-content\/uploads\/2023\/07\/infantil3.png 1000w, https:\/\/silviagarciapsicologia.com\/wp-content\/uploads\/2023\/07\/infantil3-270x300.png 270w, https:\/\/silviagarciapsicologia.com\/wp-content\/uploads\/2023\/07\/infantil3-922x1024.png 922w, https:\/\/silviagarciapsicologia.com\/wp-content\/uploads\/2023\/07\/infantil3-768x853.png 768w\" sizes=\"auto, (max-width: 1000px) 100vw, 1000px\" \/>\t\t\t\t\t\t<\/div>\n\t\t<\/div>\n\t\t\t\n\t<\/div>\n<\/div>[\/vc_column][\/vc_row][vc_row row_content_width=\u00bbgrid\u00bb css=\u00bb.vc_custom_1576673606244{padding-top: 6px !important;padding-bottom: 88px !important;}\u00bb][vc_column]<div class=\"qodef-shortcode qodef-m  qodef-section-title qodef-alignment--center \">\n\t\t<p class=\"qodef-m-subtitle\" style=\"color: #3e3930\">Silvia Garcia Espai de Psicologia<\/p>\n\t\t<h2 class=\"qodef-m-title\" style=\"color: #3e3930\">\n\t\t\t\t\tMe apetece mucho acompa\u00f1arte en este camino\t\t\t<\/h2>\n\t<\/div>[vc_empty_space height=\u00bb48px\u00bb]\n<div class=\"wpcf7 no-js\" id=\"wpcf7-f2427-o1\" lang=\"en-US\" dir=\"ltr\" data-wpcf7-id=\"2427\">\n<div class=\"screen-reader-response\"><p role=\"status\" aria-live=\"polite\" aria-atomic=\"true\"><\/p> <ul><\/ul><\/div>\n<form action=\"\/es\/wp-json\/wp\/v2\/pages\/2378#wpcf7-f2427-o1\" method=\"post\" class=\"wpcf7-form init\" aria-label=\"Contact form\" novalidate=\"novalidate\" data-status=\"init\">\n<fieldset class=\"hidden-fields-container\"><input type=\"hidden\" name=\"_wpcf7\" value=\"2427\" \/><input type=\"hidden\" name=\"_wpcf7_version\" value=\"6.1.5\" \/><input type=\"hidden\" name=\"_wpcf7_locale\" value=\"en_US\" \/><input type=\"hidden\" name=\"_wpcf7_unit_tag\" value=\"wpcf7-f2427-o1\" \/><input type=\"hidden\" name=\"_wpcf7_container_post\" value=\"0\" \/><input type=\"hidden\" name=\"_wpcf7_posted_data_hash\" value=\"\" \/><input type=\"hidden\" name=\"_wpcf7_recaptcha_response\" value=\"\" \/>\n<\/fieldset>\n<div class=\"qodef-grid qodef-layout--template\">\n<div class=\"qodef-grid-inner\">\n<div class=\"qodef-grid-item qodef-col--6\">\n <span class=\"wpcf7-form-control-wrap\" data-name=\"your-name\"><input size=\"40\" maxlength=\"400\" class=\"wpcf7-form-control wpcf7-text wpcf7-validates-as-required\" aria-required=\"true\" aria-invalid=\"false\" placeholder=\"Nombre*\" value=\"\" type=\"text\" name=\"your-name\" \/><\/span>\n<\/div>\n<div class=\"qodef-grid-item qodef-col--6\">\n <span class=\"wpcf7-form-control-wrap\" data-name=\"your-email\"><input size=\"40\" maxlength=\"400\" class=\"wpcf7-form-control wpcf7-email wpcf7-validates-as-required wpcf7-text wpcf7-validates-as-email\" aria-required=\"true\" aria-invalid=\"false\" placeholder=\"Email*\" value=\"\" type=\"email\" name=\"your-email\" \/><\/span>\n<\/div>\n<div class=\"qodef-grid-item qodef-col--6\">\n<span class=\"wpcf7-form-control-wrap\" data-name=\"tel-810\"><input size=\"40\" maxlength=\"400\" class=\"wpcf7-form-control wpcf7-tel wpcf7-validates-as-required wpcf7-text wpcf7-validates-as-tel\" aria-required=\"true\" aria-invalid=\"false\" placeholder=\"Tel\u00e9fono*\" value=\"\" type=\"tel\" name=\"tel-810\" \/><\/span>\n<\/div>\n<div class=\"qodef-grid-item qodef-col--6\">\n<span class=\"wpcf7-form-control-wrap\" data-name=\"text-336\"><input size=\"40\" maxlength=\"400\" class=\"wpcf7-form-control wpcf7-text wpcf7-validates-as-required\" aria-required=\"true\" aria-invalid=\"false\" placeholder=\"Asunto*\" value=\"\" type=\"text\" name=\"text-336\" \/><\/span>\n<\/div>\n<div class=\"qodef-grid-item qodef-col--12\">\n <span class=\"wpcf7-form-control-wrap\" data-name=\"your-message\"><textarea cols=\"40\" rows=\"10\" maxlength=\"2000\" class=\"wpcf7-form-control wpcf7-textarea\" aria-invalid=\"false\" placeholder=\"Mensaje*\" name=\"your-message\"><\/textarea><\/span>\n<\/div>\n<strong>Protecci\u00f3n de datos personales<\/strong><br>\nUtilizaremos sus datos para responder a consultas, enviar comunicaciones comerciales y efectuar estudios estad\u00edsticos. Para m\u00e1s informaci\u00f3n sobre el tratamiento y sus derechos, consulte la<a href=\"https:\/\/silviagarciapsicologia.com\/es\/politica-de-privacitat\/\" target=\"_blank\"> pol\u00edtica de privacidad<\/a>.<br>\n<span class=\"wpcf7-form-control-wrap\" data-name=\"acceptance-307\"><span class=\"wpcf7-form-control wpcf7-acceptance optional\"><span class=\"wpcf7-list-item\"><label><input type=\"checkbox\" name=\"acceptance-307\" value=\"1\" aria-invalid=\"false\" \/><span class=\"wpcf7-list-item-label\"><FONT COLOR=\"black\">Acepto el tratamiento de datos para enviar comunicaciones comerciales<\/FONT><\/span><\/label><\/span><\/span><\/span>\n<div class=\"qodef-grid-item qodef-col--12\" style=\"margin-top: 27px;text-align: center;\">\n<button class=\"wpcf7-form-control wpcf7-submit qodef-size--large qodef-button qodef-size--normal qodef-type--filled qodef-m\" type=\"submit\"><span class=\"qodef-m-text\">Enviar<\/span><\/button>\n<\/div>\n<\/div>\n<\/div><div class=\"wpcf7-response-output\" aria-hidden=\"true\"><\/div>\n<\/form>\n<\/div>\n[\/vc_column][\/vc_row]<\/p>\n<\/section>","protected":false},"excerpt":{"rendered":"<p>[vc_row content_placement=\u00bbmiddle\u00bb row_content_width=\u00bbgrid\u00bb content_text_alignment=\u00bbcenter\u00bb el_class=\u00bbqodef-margin-grid\u00bb css=\u00bb.vc_custom_1689756341399{background-image: url(https:\/\/silviagarciapsicologia.com\/wp-content\/uploads\/2023\/07\/area-infantil-espai-psicologia.png?id=2161) !important;}\u00bb][vc_column css=\u00bb.vc_custom_1575457169942{padding-top: 159px !important;padding-bottom: 186px !important;}\u00bb column_responsive_padding_1024=\u00bb113px 15px 133px\u00bb column_responsive_padding_768=\u00bb114px 15px 134px\u00bb column_responsive_padding_680=\u00bb72px 15px 87px\u00bb column_responsive_padding_1440=\u00bb129px 15px 156px\u00bb column_responsive_padding_1280=\u00bb99px 15px 128px\u00bb][\/vc_column][\/vc_row][vc_row content_placement=\u00bbmiddle\u00bb row_content_width=\u00bbgrid\u00bb css=\u00bb.vc_custom_1574088084277{margin-bottom: 0px !important;border-bottom-width: 0px !important;padding-top: 54px !important;padding-bottom: 0px !important;}\u00bb][vc_column css=\u00bb.vc_custom_1577104680470{margin-bottom: 0px !important;border-bottom-width: 0px !important;padding-right: 106px !important;padding-bottom: 40px !important;}\u00bb offset=\u00bbvc_col-lg-6 vc_col-md-12&#8243; column_responsive_padding_1366=\u00bb0px 55px 4px 15px\u00bb column_responsive_padding_1440=\u00bb0px [&hellip;]<\/p>\n","protected":false},"author":1,"featured_media":0,"parent":0,"menu_order":0,"comment_status":"closed","ping_status":"closed","template":"page-full-width.php","meta":{"_joinchat":[],"footnotes":""},"class_list":["post-2378","page","type-page","status-publish","hentry"],"yoast_head":"<!-- This site is optimized with the Yoast SEO plugin v27.2 - https:\/\/yoast.com\/product\/yoast-seo-wordpress\/ -->\n<title>\u00c1rea Infantil y Adolescente \u00b7 S\u00edlvia Garcia Psicolog\u00eda Manresa<\/title>\n<meta name=\"description\" content=\"\u00c1rea Infantil y Adolescente \u00b7 S\u00edlvia Garcia Psicolog\u00eda Manresa \u00b7 \u00c1rea Infantil y Adolescente \u00b7 S\u00edlvia Garcia Psicolog\u00eda Manresa\" \/>\n<meta name=\"robots\" content=\"index, follow, max-snippet:-1, max-image-preview:large, max-video-preview:-1\" \/>\n<link rel=\"canonical\" href=\"https:\/\/silviagarciapsicologia.com\/es\/area-infantil-i-adolescent\/\" \/>\n<meta property=\"og:locale\" content=\"es_ES\" \/>\n<meta property=\"og:type\" content=\"article\" \/>\n<meta property=\"og:title\" content=\"\u00c1rea Infantil y Adolescente \u00b7 S\u00edlvia Garcia Psicolog\u00eda Manresa\" \/>\n<meta property=\"og:description\" content=\"\u00c1rea Infantil y Adolescente \u00b7 S\u00edlvia Garcia Psicolog\u00eda Manresa \u00b7 \u00c1rea Infantil y Adolescente \u00b7 S\u00edlvia Garcia Psicolog\u00eda Manresa\" \/>\n<meta property=\"og:url\" content=\"https:\/\/silviagarciapsicologia.com\/es\/area-infantil-i-adolescent\/\" \/>\n<meta property=\"og:site_name\" content=\"S&iacute;lvia Garcia Psicologia\" \/>\n<meta property=\"article:modified_time\" content=\"2023-08-02T11:12:36+00:00\" \/>\n<meta name=\"twitter:card\" content=\"summary_large_image\" \/>\n<meta name=\"twitter:label1\" content=\"Tiempo de lectura\" \/>\n\t<meta name=\"twitter:data1\" content=\"3 minutos\" \/>\n<script type=\"application\/ld+json\" class=\"yoast-schema-graph\">{\"@context\":\"https:\/\/schema.org\",\"@graph\":[{\"@type\":\"WebPage\",\"@id\":\"https:\/\/silviagarciapsicologia.com\/es\/area-infantil-i-adolescent\/\",\"url\":\"https:\/\/silviagarciapsicologia.com\/es\/area-infantil-i-adolescent\/\",\"name\":\"\u00c1rea Infantil y Adolescente \u00b7 S\u00edlvia Garcia Psicolog\u00eda Manresa\",\"isPartOf\":{\"@id\":\"https:\/\/silviagarciapsicologia.com\/#website\"},\"datePublished\":\"2023-07-04T15:54:50+00:00\",\"dateModified\":\"2023-08-02T11:12:36+00:00\",\"description\":\"\u00c1rea Infantil y Adolescente \u00b7 S\u00edlvia Garcia Psicolog\u00eda Manresa \u00b7 \u00c1rea Infantil y Adolescente \u00b7 S\u00edlvia Garcia Psicolog\u00eda Manresa\",\"breadcrumb\":{\"@id\":\"https:\/\/silviagarciapsicologia.com\/es\/area-infantil-i-adolescent\/#breadcrumb\"},\"inLanguage\":\"es\",\"potentialAction\":[{\"@type\":\"ReadAction\",\"target\":[\"https:\/\/silviagarciapsicologia.com\/es\/area-infantil-i-adolescent\/\"]}]},{\"@type\":\"BreadcrumbList\",\"@id\":\"https:\/\/silviagarciapsicologia.com\/es\/area-infantil-i-adolescent\/#breadcrumb\",\"itemListElement\":[{\"@type\":\"ListItem\",\"position\":1,\"name\":\"Inici\",\"item\":\"https:\/\/silviagarciapsicologia.com\/es\/\"},{\"@type\":\"ListItem\",\"position\":2,\"name\":\"\u00c1rea Infantil y Adolescente\"}]},{\"@type\":\"WebSite\",\"@id\":\"https:\/\/silviagarciapsicologia.com\/#website\",\"url\":\"https:\/\/silviagarciapsicologia.com\/\",\"name\":\"S&iacute;lvia Garcia Psicologia\",\"description\":\"Espai de Psicologia\",\"publisher\":{\"@id\":\"https:\/\/silviagarciapsicologia.com\/#organization\"},\"potentialAction\":[{\"@type\":\"SearchAction\",\"target\":{\"@type\":\"EntryPoint\",\"urlTemplate\":\"https:\/\/silviagarciapsicologia.com\/?s={search_term_string}\"},\"query-input\":{\"@type\":\"PropertyValueSpecification\",\"valueRequired\":true,\"valueName\":\"search_term_string\"}}],\"inLanguage\":\"es\"},{\"@type\":\"Organization\",\"@id\":\"https:\/\/silviagarciapsicologia.com\/#organization\",\"name\":\"S&iacute;lvia Garcia Psicologia\",\"url\":\"https:\/\/silviagarciapsicologia.com\/\",\"logo\":{\"@type\":\"ImageObject\",\"inLanguage\":\"es\",\"@id\":\"https:\/\/silviagarciapsicologia.com\/#\/schema\/logo\/image\/\",\"url\":\"https:\/\/silviagarciapsicologia.com\/wp-content\/uploads\/2023\/07\/silvia_garcia_psicologia-logo.png\",\"contentUrl\":\"https:\/\/silviagarciapsicologia.com\/wp-content\/uploads\/2023\/07\/silvia_garcia_psicologia-logo.png\",\"width\":1100,\"height\":1496,\"caption\":\"S&iacute;lvia Garcia Psicologia\"},\"image\":{\"@id\":\"https:\/\/silviagarciapsicologia.com\/#\/schema\/logo\/image\/\"}}]}<\/script>\n<!-- \/ Yoast SEO plugin. -->","yoast_head_json":{"title":"\u00c1rea Infantil y Adolescente \u00b7 S\u00edlvia Garcia Psicolog\u00eda Manresa","description":"\u00c1rea Infantil y Adolescente \u00b7 S\u00edlvia Garcia Psicolog\u00eda Manresa \u00b7 \u00c1rea Infantil y Adolescente \u00b7 S\u00edlvia Garcia Psicolog\u00eda Manresa","robots":{"index":"index","follow":"follow","max-snippet":"max-snippet:-1","max-image-preview":"max-image-preview:large","max-video-preview":"max-video-preview:-1"},"canonical":"https:\/\/silviagarciapsicologia.com\/es\/area-infantil-i-adolescent\/","og_locale":"es_ES","og_type":"article","og_title":"\u00c1rea Infantil y Adolescente \u00b7 S\u00edlvia Garcia Psicolog\u00eda Manresa","og_description":"\u00c1rea Infantil y Adolescente \u00b7 S\u00edlvia Garcia Psicolog\u00eda Manresa \u00b7 \u00c1rea Infantil y Adolescente \u00b7 S\u00edlvia Garcia Psicolog\u00eda Manresa","og_url":"https:\/\/silviagarciapsicologia.com\/es\/area-infantil-i-adolescent\/","og_site_name":"S&iacute;lvia Garcia Psicologia","article_modified_time":"2023-08-02T11:12:36+00:00","twitter_card":"summary_large_image","twitter_misc":{"Tiempo de lectura":"3 minutos"},"schema":{"@context":"https:\/\/schema.org","@graph":[{"@type":"WebPage","@id":"https:\/\/silviagarciapsicologia.com\/es\/area-infantil-i-adolescent\/","url":"https:\/\/silviagarciapsicologia.com\/es\/area-infantil-i-adolescent\/","name":"\u00c1rea Infantil y Adolescente \u00b7 S\u00edlvia Garcia Psicolog\u00eda Manresa","isPartOf":{"@id":"https:\/\/silviagarciapsicologia.com\/#website"},"datePublished":"2023-07-04T15:54:50+00:00","dateModified":"2023-08-02T11:12:36+00:00","description":"\u00c1rea Infantil y Adolescente \u00b7 S\u00edlvia Garcia Psicolog\u00eda Manresa \u00b7 \u00c1rea Infantil y Adolescente \u00b7 S\u00edlvia Garcia Psicolog\u00eda Manresa","breadcrumb":{"@id":"https:\/\/silviagarciapsicologia.com\/es\/area-infantil-i-adolescent\/#breadcrumb"},"inLanguage":"es","potentialAction":[{"@type":"ReadAction","target":["https:\/\/silviagarciapsicologia.com\/es\/area-infantil-i-adolescent\/"]}]},{"@type":"BreadcrumbList","@id":"https:\/\/silviagarciapsicologia.com\/es\/area-infantil-i-adolescent\/#breadcrumb","itemListElement":[{"@type":"ListItem","position":1,"name":"Inici","item":"https:\/\/silviagarciapsicologia.com\/es\/"},{"@type":"ListItem","position":2,"name":"\u00c1rea Infantil y Adolescente"}]},{"@type":"WebSite","@id":"https:\/\/silviagarciapsicologia.com\/#website","url":"https:\/\/silviagarciapsicologia.com\/","name":"S&iacute;lvia Garcia Psicologia","description":"Espai de Psicologia","publisher":{"@id":"https:\/\/silviagarciapsicologia.com\/#organization"},"potentialAction":[{"@type":"SearchAction","target":{"@type":"EntryPoint","urlTemplate":"https:\/\/silviagarciapsicologia.com\/?s={search_term_string}"},"query-input":{"@type":"PropertyValueSpecification","valueRequired":true,"valueName":"search_term_string"}}],"inLanguage":"es"},{"@type":"Organization","@id":"https:\/\/silviagarciapsicologia.com\/#organization","name":"S&iacute;lvia Garcia Psicologia","url":"https:\/\/silviagarciapsicologia.com\/","logo":{"@type":"ImageObject","inLanguage":"es","@id":"https:\/\/silviagarciapsicologia.com\/#\/schema\/logo\/image\/","url":"https:\/\/silviagarciapsicologia.com\/wp-content\/uploads\/2023\/07\/silvia_garcia_psicologia-logo.png","contentUrl":"https:\/\/silviagarciapsicologia.com\/wp-content\/uploads\/2023\/07\/silvia_garcia_psicologia-logo.png","width":1100,"height":1496,"caption":"S&iacute;lvia Garcia Psicologia"},"image":{"@id":"https:\/\/silviagarciapsicologia.com\/#\/schema\/logo\/image\/"}}]}},"_links":{"self":[{"href":"https:\/\/silviagarciapsicologia.com\/es\/wp-json\/wp\/v2\/pages\/2378","targetHints":{"allow":["GET"]}}],"collection":[{"href":"https:\/\/silviagarciapsicologia.com\/es\/wp-json\/wp\/v2\/pages"}],"about":[{"href":"https:\/\/silviagarciapsicologia.com\/es\/wp-json\/wp\/v2\/types\/page"}],"author":[{"embeddable":true,"href":"https:\/\/silviagarciapsicologia.com\/es\/wp-json\/wp\/v2\/users\/1"}],"replies":[{"embeddable":true,"href":"https:\/\/silviagarciapsicologia.com\/es\/wp-json\/wp\/v2\/comments?post=2378"}],"version-history":[{"count":4,"href":"https:\/\/silviagarciapsicologia.com\/es\/wp-json\/wp\/v2\/pages\/2378\/revisions"}],"predecessor-version":[{"id":2430,"href":"https:\/\/silviagarciapsicologia.com\/es\/wp-json\/wp\/v2\/pages\/2378\/revisions\/2430"}],"wp:attachment":[{"href":"https:\/\/silviagarciapsicologia.com\/es\/wp-json\/wp\/v2\/media?parent=2378"}],"curies":[{"name":"wp","href":"https:\/\/api.w.org\/{rel}","templated":true}]}}