{"id":2389,"date":"2019-11-18T08:55:53","date_gmt":"2019-11-18T08:55:53","guid":{"rendered":"https:\/\/silviagarciapsicologia.com\/contacte\/"},"modified":"2023-08-02T11:11:31","modified_gmt":"2023-08-02T11:11:31","slug":"contacte","status":"publish","type":"page","link":"https:\/\/silviagarciapsicologia.com\/es\/contacte\/","title":{"rendered":"Contacto"},"content":{"rendered":"<section class=\"wpb-content-wrapper\"><p>[vc_row content_placement=\u00bbmiddle\u00bb row_content_width=\u00bbgrid\u00bb content_text_alignment=\u00bbcenter\u00bb css=\u00bb.vc_custom_1689753936901{background-image: url(https:\/\/silviagarciapsicologia.com\/wp-content\/uploads\/2023\/07\/contacte-silvia-garcia.png?id=2152) !important;}\u00bb el_class=\u00bbqodef-margin-grid\u00bb][vc_column css=\u00bb.vc_custom_1575458018909{padding-top: 159px !important;padding-bottom: 186px !important;}\u00bb column_responsive_padding_768=\u00bb114px 15px 134px\u00bb column_responsive_padding_1024=\u00bb113px 15px 133px\u00bb column_responsive_padding_680=\u00bb72px 15px 87px\u00bb column_responsive_padding_1440=\u00bb129px 15px 156px\u00bb column_responsive_padding_1280=\u00bb99px 15px 128px\u00bb]<h1 class=\"qodef-shortcode qodef-m  qodef-custom-font qodef-custom-font-6356 qodef-layout--simple\" style=\"color: #ffffff;font-size: 110px;line-height: 120px\">Contacto<\/h1>[\/vc_column][\/vc_row][vc_row content_placement=\u00bbmiddle\u00bb row_content_width=\u00bbgrid\u00bb css=\u00bb.vc_custom_1578559917132{margin-bottom: 0px !important;border-bottom-width: 0px !important;padding-top: 52px !important;padding-bottom: 90px !important;}\u00bb][vc_column offset=\u00bbvc_col-lg-6 vc_col-md-12&#8243; css=\u00bb.vc_custom_1577112060770{margin-bottom: 0px !important;border-bottom-width: 0px !important;padding-top: 23px !important;padding-right: 124px !important;padding-bottom: 0px !important;}\u00bb column_responsive_padding_1366=\u00bb0px 55px 0px 15px\u00bb column_responsive_padding_1440=\u00bb0px 65px 0px 15px\u00bb column_responsive_padding_1280=\u00bb0px 22px 0px 15px\u00bb column_responsive_padding_1024=\u00bb0px 15px 55px\u00bb column_responsive_padding_768=\u00bb0px 15px 55px\u00bb column_responsive_padding_680=\u00bb0px 15px 40px\u00bb]<div class=\"qodef-shortcode qodef-m  qodef-section-title qodef-alignment--left \">\n\t\t<p class=\"qodef-m-subtitle\" style=\"color: #3e3930\">Espai de Psicologia<\/p>\n\t\t<h3 class=\"qodef-m-title\" style=\"color: #3e3930\">\n\t\t\t\t\tS\u00edlvia Garcia\t\t\t<\/h3>\n\t\t<p class=\"qodef-m-text\" >Si tienes dudas o necesitas m\u00e1s informaci\u00f3n, cont\u00e1ctame. Estoy aqu\u00ed para ayudarte.<\/p>\n<\/div>[vc_empty_space height=\u00bb43px\u00bb][vc_wp_text]<strong>\u2709\ufe0f <a href=\"mailto:info@silviagarciapsicologia.com\" target=\"_blank\" rel=\"noopener\">info@silviagarciapsicologia.com<\/a><\/strong><br \/>\n<strong>\ud83d\udcde <a href=\"tel:+34650947490\" target=\"_blank\" rel=\"noopener\">650947490<\/a><\/strong><br \/>\n<strong>\ud83d\udccd Sant Salvador de Guardiola<\/strong>[\/vc_wp_text][\/vc_column][vc_column offset=\u00bbvc_col-lg-offset-0 vc_col-lg-6 vc_col-md-12&#8243; column_responsive_padding_1440=\u00bb0px 15px 37px\u00bb css=\u00bb.vc_custom_1577112054146{margin-bottom: 0px !important;border-bottom-width: 0px !important;padding-right: 15px !important;padding-bottom: 0px !important;padding-left: 15px !important;}\u00bb column_responsive_padding_1366=\u00bb0px 15px 37px\u00bb column_responsive_padding_1024=\u00bb0px 15px\u00bb][vc_gmaps link=\u00bb#E-8_JTNDaWZyYW1lJTIwc3JjJTNEJTIyaHR0cHMlM0ElMkYlMkZ3d3cuZ29vZ2xlLmNvbSUyRm1hcHMlMkZlbWJlZCUzRnBiJTNEJTIxMW0xOCUyMTFtMTIlMjExbTMlMjExZDI5NzkuOTEzNzE5NjAzODU2NCUyMTJkMS43NjM2MTYwNzYyNzA0NzQyJTIxM2Q0MS42NzkyMDY3Nzc4NDMxODQlMjEybTMlMjExZjAlMjEyZjAlMjEzZjAlMjEzbTIlMjExaTEwMjQlMjEyaTc2OCUyMTRmMTMuMSUyMTNtMyUyMTFtMiUyMTFzMHgxMmE0NTk0NWE2MmVlMWE1JTI1M0EweGFmNjUwYTQ4NmRmZjk0OWIlMjEyc0MlMjUyRiUyNTIwTWFyY2V0JTI1MkMlMjUyMDklMjUyQyUyNTIwMDgyNTMlMjUyMFNhbnQlMjUyMFNhbHZhZG9yJTI1MjBkZSUyNTIwR3VhcmRpb2xhJTI1MkMlMjUyMEJhcmNlbG9uYSUyMTVlMCUyMTNtMiUyMTFzZXMlMjEyc2VzJTIxNHYxNjg4NDg3MzEwMjU3JTIxNW0yJTIxMXNlcyUyMTJzZXMlMjIlMjB3aWR0aCUzRCUyMjYwMCUyMiUyMGhlaWdodCUzRCUyMjQ1MCUyMiUyMHN0eWxlJTNEJTIyYm9yZGVyJTNBMCUzQiUyMiUyMGFsbG93ZnVsbHNjcmVlbiUzRCUyMiUyMiUyMGxvYWRpbmclM0QlMjJsYXp5JTIyJTIwcmVmZXJyZXJwb2xpY3klM0QlMjJuby1yZWZlcnJlci13aGVuLWRvd25ncmFkZSUyMiUyMHdpZHRoJTNEJTIyNjAwJTIyJTIwaGVpZ2h0JTNEJTIyNDUwJTIyJTIwZnJhbWVib3JkZXIlM0QlMjIwJTIyJTIwc3R5bGUlM0QlMjJib3JkZXIlM0EwJTIyJTIwYWxsb3dmdWxsc2NyZWVuJTNFJTNDJTJGaWZyYW1lJTNF\u00bb][\/vc_column][\/vc_row][vc_row row_content_width=\u00bbgrid\u00bb css=\u00bb.vc_custom_1574074509474{padding-top: 80px !important;padding-bottom: 89px !important;}\u00bb][vc_column]<div class=\"qodef-shortcode qodef-m  qodef-section-title qodef-alignment--center \">\n\t\t<p class=\"qodef-m-subtitle\" style=\"color: #3e3930\">S\u00edlvia Garcia Espai de Psicologia<\/p>\n\t\t<h2 class=\"qodef-m-title\" style=\"color: #3e3930\">\n\t\t\t\t\tMe apetece mucho acompa\u00f1arte en este camino\t\t\t<\/h2>\n\t<\/div>[vc_empty_space height=\u00bb48px\u00bb]\n<div class=\"wpcf7 no-js\" id=\"wpcf7-f2427-o1\" lang=\"en-US\" dir=\"ltr\" data-wpcf7-id=\"2427\">\n<div class=\"screen-reader-response\"><p role=\"status\" aria-live=\"polite\" aria-atomic=\"true\"><\/p> <ul><\/ul><\/div>\n<form action=\"\/es\/wp-json\/wp\/v2\/pages\/2389#wpcf7-f2427-o1\" method=\"post\" class=\"wpcf7-form init\" aria-label=\"Contact form\" novalidate=\"novalidate\" data-status=\"init\">\n<fieldset class=\"hidden-fields-container\"><input type=\"hidden\" name=\"_wpcf7\" value=\"2427\" \/><input type=\"hidden\" name=\"_wpcf7_version\" value=\"6.1.5\" \/><input type=\"hidden\" name=\"_wpcf7_locale\" value=\"en_US\" \/><input type=\"hidden\" name=\"_wpcf7_unit_tag\" value=\"wpcf7-f2427-o1\" \/><input type=\"hidden\" name=\"_wpcf7_container_post\" value=\"0\" \/><input type=\"hidden\" name=\"_wpcf7_posted_data_hash\" value=\"\" \/><input type=\"hidden\" name=\"_wpcf7_recaptcha_response\" value=\"\" \/>\n<\/fieldset>\n<div class=\"qodef-grid qodef-layout--template\">\n<div class=\"qodef-grid-inner\">\n<div class=\"qodef-grid-item qodef-col--6\">\n <span class=\"wpcf7-form-control-wrap\" data-name=\"your-name\"><input size=\"40\" maxlength=\"400\" class=\"wpcf7-form-control wpcf7-text wpcf7-validates-as-required\" aria-required=\"true\" aria-invalid=\"false\" placeholder=\"Nombre*\" value=\"\" type=\"text\" name=\"your-name\" \/><\/span>\n<\/div>\n<div class=\"qodef-grid-item qodef-col--6\">\n <span class=\"wpcf7-form-control-wrap\" data-name=\"your-email\"><input size=\"40\" maxlength=\"400\" class=\"wpcf7-form-control wpcf7-email wpcf7-validates-as-required wpcf7-text wpcf7-validates-as-email\" aria-required=\"true\" aria-invalid=\"false\" placeholder=\"Email*\" value=\"\" type=\"email\" name=\"your-email\" \/><\/span>\n<\/div>\n<div class=\"qodef-grid-item qodef-col--6\">\n<span class=\"wpcf7-form-control-wrap\" data-name=\"tel-810\"><input size=\"40\" maxlength=\"400\" class=\"wpcf7-form-control wpcf7-tel wpcf7-validates-as-required wpcf7-text wpcf7-validates-as-tel\" aria-required=\"true\" aria-invalid=\"false\" placeholder=\"Tel\u00e9fono*\" value=\"\" type=\"tel\" name=\"tel-810\" \/><\/span>\n<\/div>\n<div class=\"qodef-grid-item qodef-col--6\">\n<span class=\"wpcf7-form-control-wrap\" data-name=\"text-336\"><input size=\"40\" maxlength=\"400\" class=\"wpcf7-form-control wpcf7-text wpcf7-validates-as-required\" aria-required=\"true\" aria-invalid=\"false\" placeholder=\"Asunto*\" value=\"\" type=\"text\" name=\"text-336\" \/><\/span>\n<\/div>\n<div class=\"qodef-grid-item qodef-col--12\">\n <span class=\"wpcf7-form-control-wrap\" data-name=\"your-message\"><textarea cols=\"40\" rows=\"10\" maxlength=\"2000\" class=\"wpcf7-form-control wpcf7-textarea\" aria-invalid=\"false\" placeholder=\"Mensaje*\" name=\"your-message\"><\/textarea><\/span>\n<\/div>\n<strong>Protecci\u00f3n de datos personales<\/strong><br>\nUtilizaremos sus datos para responder a consultas, enviar comunicaciones comerciales y efectuar estudios estad\u00edsticos. Para m\u00e1s informaci\u00f3n sobre el tratamiento y sus derechos, consulte la<a href=\"https:\/\/silviagarciapsicologia.com\/es\/politica-de-privacitat\/\" target=\"_blank\"> pol\u00edtica de privacidad<\/a>.<br>\n<span class=\"wpcf7-form-control-wrap\" data-name=\"acceptance-307\"><span class=\"wpcf7-form-control wpcf7-acceptance optional\"><span class=\"wpcf7-list-item\"><label><input type=\"checkbox\" name=\"acceptance-307\" value=\"1\" aria-invalid=\"false\" \/><span class=\"wpcf7-list-item-label\"><FONT COLOR=\"black\">Acepto el tratamiento de datos para enviar comunicaciones comerciales<\/FONT><\/span><\/label><\/span><\/span><\/span>\n<div class=\"qodef-grid-item qodef-col--12\" style=\"margin-top: 27px;text-align: center;\">\n<button class=\"wpcf7-form-control wpcf7-submit qodef-size--large qodef-button qodef-size--normal qodef-type--filled qodef-m\" type=\"submit\"><span class=\"qodef-m-text\">Enviar<\/span><\/button>\n<\/div>\n<\/div>\n<\/div><div class=\"wpcf7-response-output\" aria-hidden=\"true\"><\/div>\n<\/form>\n<\/div>\n[\/vc_column][\/vc_row]<\/p>\n<\/section>","protected":false},"excerpt":{"rendered":"<p>[vc_row content_placement=\u00bbmiddle\u00bb row_content_width=\u00bbgrid\u00bb content_text_alignment=\u00bbcenter\u00bb css=\u00bb.vc_custom_1689753936901{background-image: url(https:\/\/silviagarciapsicologia.com\/wp-content\/uploads\/2023\/07\/contacte-silvia-garcia.png?id=2152) !important;}\u00bb el_class=\u00bbqodef-margin-grid\u00bb][vc_column css=\u00bb.vc_custom_1575458018909{padding-top: 159px !important;padding-bottom: 186px !important;}\u00bb column_responsive_padding_768=\u00bb114px 15px 134px\u00bb column_responsive_padding_1024=\u00bb113px 15px 133px\u00bb column_responsive_padding_680=\u00bb72px 15px 87px\u00bb column_responsive_padding_1440=\u00bb129px 15px 156px\u00bb column_responsive_padding_1280=\u00bb99px 15px 128px\u00bb][\/vc_column][\/vc_row][vc_row content_placement=\u00bbmiddle\u00bb row_content_width=\u00bbgrid\u00bb css=\u00bb.vc_custom_1578559917132{margin-bottom: 0px !important;border-bottom-width: 0px !important;padding-top: 52px !important;padding-bottom: 90px !important;}\u00bb][vc_column offset=\u00bbvc_col-lg-6 vc_col-md-12&#8243; css=\u00bb.vc_custom_1577112060770{margin-bottom: 0px !important;border-bottom-width: 0px !important;padding-top: 23px !important;padding-right: 124px !important;padding-bottom: 0px !important;}\u00bb column_responsive_padding_1366=\u00bb0px 55px 0px [&hellip;]<\/p>\n","protected":false},"author":1,"featured_media":0,"parent":0,"menu_order":0,"comment_status":"closed","ping_status":"closed","template":"page-full-width.php","meta":{"_joinchat":[],"footnotes":""},"class_list":["post-2389","page","type-page","status-publish","hentry"],"yoast_head":"<!-- This site is optimized with the Yoast SEO plugin v27.2 - https:\/\/yoast.com\/product\/yoast-seo-wordpress\/ -->\n<title>Contacto \u00b7 S\u00edlvia Garcia Psicolog\u00eda en Manresa \u00b7 Psic\u00f3loga Manres<\/title>\n<meta name=\"description\" content=\"Contacto \u00b7 S\u00edlvia Garcia Psicolog\u00eda en Manresa \u00b7 Psic\u00f3loga Manresa \u00b7 Contacto \u00b7 S\u00edlvia Garcia Psicolog\u00eda en Manresa \u00b7 Psic\u00f3loga Manresa\" \/>\n<meta name=\"robots\" content=\"index, follow, max-snippet:-1, max-image-preview:large, max-video-preview:-1\" \/>\n<link rel=\"canonical\" href=\"https:\/\/silviagarciapsicologia.com\/es\/contacte\/\" \/>\n<meta property=\"og:locale\" content=\"es_ES\" \/>\n<meta property=\"og:type\" content=\"article\" \/>\n<meta property=\"og:title\" content=\"Contacto \u00b7 S\u00edlvia Garcia Psicolog\u00eda en Manresa \u00b7 Psic\u00f3loga Manres\" \/>\n<meta property=\"og:description\" content=\"Contacto \u00b7 S\u00edlvia Garcia Psicolog\u00eda en Manresa \u00b7 Psic\u00f3loga Manresa \u00b7 Contacto \u00b7 S\u00edlvia Garcia Psicolog\u00eda en Manresa \u00b7 Psic\u00f3loga Manresa\" \/>\n<meta property=\"og:url\" content=\"https:\/\/silviagarciapsicologia.com\/es\/contacte\/\" \/>\n<meta property=\"og:site_name\" content=\"S&iacute;lvia Garcia Psicologia\" \/>\n<meta property=\"article:modified_time\" content=\"2023-08-02T11:11:31+00:00\" \/>\n<meta name=\"twitter:card\" content=\"summary_large_image\" \/>\n<meta name=\"twitter:label1\" content=\"Tiempo de lectura\" \/>\n\t<meta name=\"twitter:data1\" content=\"1 minuto\" \/>\n<script type=\"application\/ld+json\" class=\"yoast-schema-graph\">{\"@context\":\"https:\/\/schema.org\",\"@graph\":[{\"@type\":\"WebPage\",\"@id\":\"https:\/\/silviagarciapsicologia.com\/es\/contacte\/\",\"url\":\"https:\/\/silviagarciapsicologia.com\/es\/contacte\/\",\"name\":\"Contacto \u00b7 S\u00edlvia Garcia Psicolog\u00eda en Manresa \u00b7 Psic\u00f3loga Manres\",\"isPartOf\":{\"@id\":\"https:\/\/silviagarciapsicologia.com\/#website\"},\"datePublished\":\"2019-11-18T08:55:53+00:00\",\"dateModified\":\"2023-08-02T11:11:31+00:00\",\"description\":\"Contacto \u00b7 S\u00edlvia Garcia Psicolog\u00eda en Manresa \u00b7 Psic\u00f3loga Manresa \u00b7 Contacto \u00b7 S\u00edlvia Garcia Psicolog\u00eda en Manresa \u00b7 Psic\u00f3loga Manresa\",\"breadcrumb\":{\"@id\":\"https:\/\/silviagarciapsicologia.com\/es\/contacte\/#breadcrumb\"},\"inLanguage\":\"es\",\"potentialAction\":[{\"@type\":\"ReadAction\",\"target\":[\"https:\/\/silviagarciapsicologia.com\/es\/contacte\/\"]}]},{\"@type\":\"BreadcrumbList\",\"@id\":\"https:\/\/silviagarciapsicologia.com\/es\/contacte\/#breadcrumb\",\"itemListElement\":[{\"@type\":\"ListItem\",\"position\":1,\"name\":\"Inici\",\"item\":\"https:\/\/silviagarciapsicologia.com\/es\/\"},{\"@type\":\"ListItem\",\"position\":2,\"name\":\"Contacto\"}]},{\"@type\":\"WebSite\",\"@id\":\"https:\/\/silviagarciapsicologia.com\/#website\",\"url\":\"https:\/\/silviagarciapsicologia.com\/\",\"name\":\"S&iacute;lvia Garcia Psicologia\",\"description\":\"Espai de Psicologia\",\"publisher\":{\"@id\":\"https:\/\/silviagarciapsicologia.com\/#organization\"},\"potentialAction\":[{\"@type\":\"SearchAction\",\"target\":{\"@type\":\"EntryPoint\",\"urlTemplate\":\"https:\/\/silviagarciapsicologia.com\/?s={search_term_string}\"},\"query-input\":{\"@type\":\"PropertyValueSpecification\",\"valueRequired\":true,\"valueName\":\"search_term_string\"}}],\"inLanguage\":\"es\"},{\"@type\":\"Organization\",\"@id\":\"https:\/\/silviagarciapsicologia.com\/#organization\",\"name\":\"S&iacute;lvia Garcia Psicologia\",\"url\":\"https:\/\/silviagarciapsicologia.com\/\",\"logo\":{\"@type\":\"ImageObject\",\"inLanguage\":\"es\",\"@id\":\"https:\/\/silviagarciapsicologia.com\/#\/schema\/logo\/image\/\",\"url\":\"https:\/\/silviagarciapsicologia.com\/wp-content\/uploads\/2023\/07\/silvia_garcia_psicologia-logo.png\",\"contentUrl\":\"https:\/\/silviagarciapsicologia.com\/wp-content\/uploads\/2023\/07\/silvia_garcia_psicologia-logo.png\",\"width\":1100,\"height\":1496,\"caption\":\"S&iacute;lvia Garcia Psicologia\"},\"image\":{\"@id\":\"https:\/\/silviagarciapsicologia.com\/#\/schema\/logo\/image\/\"}}]}<\/script>\n<!-- \/ Yoast SEO plugin. -->","yoast_head_json":{"title":"Contacto \u00b7 S\u00edlvia Garcia Psicolog\u00eda en Manresa \u00b7 Psic\u00f3loga Manres","description":"Contacto \u00b7 S\u00edlvia Garcia Psicolog\u00eda en Manresa \u00b7 Psic\u00f3loga Manresa \u00b7 Contacto \u00b7 S\u00edlvia Garcia Psicolog\u00eda en Manresa \u00b7 Psic\u00f3loga Manresa","robots":{"index":"index","follow":"follow","max-snippet":"max-snippet:-1","max-image-preview":"max-image-preview:large","max-video-preview":"max-video-preview:-1"},"canonical":"https:\/\/silviagarciapsicologia.com\/es\/contacte\/","og_locale":"es_ES","og_type":"article","og_title":"Contacto \u00b7 S\u00edlvia Garcia Psicolog\u00eda en Manresa \u00b7 Psic\u00f3loga Manres","og_description":"Contacto \u00b7 S\u00edlvia Garcia Psicolog\u00eda en Manresa \u00b7 Psic\u00f3loga Manresa \u00b7 Contacto \u00b7 S\u00edlvia Garcia Psicolog\u00eda en Manresa \u00b7 Psic\u00f3loga Manresa","og_url":"https:\/\/silviagarciapsicologia.com\/es\/contacte\/","og_site_name":"S&iacute;lvia Garcia Psicologia","article_modified_time":"2023-08-02T11:11:31+00:00","twitter_card":"summary_large_image","twitter_misc":{"Tiempo de lectura":"1 minuto"},"schema":{"@context":"https:\/\/schema.org","@graph":[{"@type":"WebPage","@id":"https:\/\/silviagarciapsicologia.com\/es\/contacte\/","url":"https:\/\/silviagarciapsicologia.com\/es\/contacte\/","name":"Contacto \u00b7 S\u00edlvia Garcia Psicolog\u00eda en Manresa \u00b7 Psic\u00f3loga Manres","isPartOf":{"@id":"https:\/\/silviagarciapsicologia.com\/#website"},"datePublished":"2019-11-18T08:55:53+00:00","dateModified":"2023-08-02T11:11:31+00:00","description":"Contacto \u00b7 S\u00edlvia Garcia Psicolog\u00eda en Manresa \u00b7 Psic\u00f3loga Manresa \u00b7 Contacto \u00b7 S\u00edlvia Garcia Psicolog\u00eda en Manresa \u00b7 Psic\u00f3loga Manresa","breadcrumb":{"@id":"https:\/\/silviagarciapsicologia.com\/es\/contacte\/#breadcrumb"},"inLanguage":"es","potentialAction":[{"@type":"ReadAction","target":["https:\/\/silviagarciapsicologia.com\/es\/contacte\/"]}]},{"@type":"BreadcrumbList","@id":"https:\/\/silviagarciapsicologia.com\/es\/contacte\/#breadcrumb","itemListElement":[{"@type":"ListItem","position":1,"name":"Inici","item":"https:\/\/silviagarciapsicologia.com\/es\/"},{"@type":"ListItem","position":2,"name":"Contacto"}]},{"@type":"WebSite","@id":"https:\/\/silviagarciapsicologia.com\/#website","url":"https:\/\/silviagarciapsicologia.com\/","name":"S&iacute;lvia Garcia Psicologia","description":"Espai de Psicologia","publisher":{"@id":"https:\/\/silviagarciapsicologia.com\/#organization"},"potentialAction":[{"@type":"SearchAction","target":{"@type":"EntryPoint","urlTemplate":"https:\/\/silviagarciapsicologia.com\/?s={search_term_string}"},"query-input":{"@type":"PropertyValueSpecification","valueRequired":true,"valueName":"search_term_string"}}],"inLanguage":"es"},{"@type":"Organization","@id":"https:\/\/silviagarciapsicologia.com\/#organization","name":"S&iacute;lvia Garcia Psicologia","url":"https:\/\/silviagarciapsicologia.com\/","logo":{"@type":"ImageObject","inLanguage":"es","@id":"https:\/\/silviagarciapsicologia.com\/#\/schema\/logo\/image\/","url":"https:\/\/silviagarciapsicologia.com\/wp-content\/uploads\/2023\/07\/silvia_garcia_psicologia-logo.png","contentUrl":"https:\/\/silviagarciapsicologia.com\/wp-content\/uploads\/2023\/07\/silvia_garcia_psicologia-logo.png","width":1100,"height":1496,"caption":"S&iacute;lvia Garcia Psicologia"},"image":{"@id":"https:\/\/silviagarciapsicologia.com\/#\/schema\/logo\/image\/"}}]}},"_links":{"self":[{"href":"https:\/\/silviagarciapsicologia.com\/es\/wp-json\/wp\/v2\/pages\/2389","targetHints":{"allow":["GET"]}}],"collection":[{"href":"https:\/\/silviagarciapsicologia.com\/es\/wp-json\/wp\/v2\/pages"}],"about":[{"href":"https:\/\/silviagarciapsicologia.com\/es\/wp-json\/wp\/v2\/types\/page"}],"author":[{"embeddable":true,"href":"https:\/\/silviagarciapsicologia.com\/es\/wp-json\/wp\/v2\/users\/1"}],"replies":[{"embeddable":true,"href":"https:\/\/silviagarciapsicologia.com\/es\/wp-json\/wp\/v2\/comments?post=2389"}],"version-history":[{"count":7,"href":"https:\/\/silviagarciapsicologia.com\/es\/wp-json\/wp\/v2\/pages\/2389\/revisions"}],"predecessor-version":[{"id":2428,"href":"https:\/\/silviagarciapsicologia.com\/es\/wp-json\/wp\/v2\/pages\/2389\/revisions\/2428"}],"wp:attachment":[{"href":"https:\/\/silviagarciapsicologia.com\/es\/wp-json\/wp\/v2\/media?parent=2389"}],"curies":[{"name":"wp","href":"https:\/\/api.w.org\/{rel}","templated":true}]}}