{"id":2414,"date":"2019-11-07T11:25:21","date_gmt":"2019-11-07T11:25:21","guid":{"rendered":"https:\/\/silviagarciapsicologia.com\/qui-soc-jo\/"},"modified":"2023-08-02T10:28:01","modified_gmt":"2023-08-02T10:28:01","slug":"qui-soc-jo","status":"publish","type":"page","link":"https:\/\/silviagarciapsicologia.com\/es\/qui-soc-jo\/","title":{"rendered":"Qui\u00e9n Soy Yo"},"content":{"rendered":"<section class=\"wpb-content-wrapper\"><p>[vc_row content_placement=\u00bbmiddle\u00bb row_content_width=\u00bbgrid\u00bb content_text_alignment=\u00bbcenter\u00bb css=\u00bb.vc_custom_1689688721051{background-image: url(https:\/\/silviagarciapsicologia.com\/wp-content\/uploads\/2023\/07\/psicologia-garcia-silvia.png?id=2150) !important;}\u00bb el_class=\u00bbqodef-margin-grid\u00bb][vc_column css=\u00bb.vc_custom_1575456515187{padding-top: 239px !important;padding-bottom: 267px !important;}\u00bb column_responsive_padding_1024=\u00bb127px 15px 153px\u00bb column_responsive_padding_680=\u00bb72px 15px 87px\u00bb column_responsive_padding_1440=\u00bb150px 15px 176px\u00bb]<h1 class=\"qodef-shortcode qodef-m  qodef-custom-font qodef-custom-font-1579 qodef-layout--simple\" style=\"color: #ffffff;font-size: 110px;line-height: 120px\">S\u00edlvia Garcia<\/h1>[\/vc_column][\/vc_row][vc_row content_placement=\u00bbmiddle\u00bb row_content_width=\u00bbgrid\u00bb css=\u00bb.vc_custom_1688567102051{padding-top: 112px !important;padding-bottom: 40px !important;}\u00bb][vc_column css=\u00bb.vc_custom_1578494993850{padding-right: 17% !important;padding-bottom: 39px !important;}\u00bb offset=\u00bbvc_col-lg-6 vc_col-md-12&#8243; column_responsive_padding_1024=\u00bb0px 15px\u00bb column_responsive_padding_1440=\u00bb0px 15px 33px 7%\u00bb column_responsive_padding_1366=\u00bb0px 18px 33px 3%\u00bb column_responsive_padding_1280=\u00bb0px 18px 33px 3%\u00bb][vc_empty_space height=\u00bb102px\u00bb]<div class=\"qodef-shortcode qodef-m  qodef-section-title qodef-alignment--left \">\n\t\t<p class=\"qodef-m-subtitle\" style=\"color: #3e3930\">Espai de Psicologia<\/p>\n\t\t<h3 class=\"qodef-m-title\" style=\"color: #3e3930\">\n\t\t\t\t\tS\u00edlvia Garcia\t\t\t<\/h3>\n\t\t<p class=\"qodef-m-text\" >Soy Silvia y estoy aqu\u00ed para acompa\u00f1arte en la b\u00fasqueda de tu espacio de bienestar. Me gusta pensar que te acompa\u00f1o porque t\u00fa eres quien mejor se conoce y quien mejor elegir\u00e1, sin duda, cada paso de este nuevo camino. Yo te ofrezco estar a tu lado, ayudarte en cada fase del proceso, ya sea para cargar el peso de la mochila, para interpretar un mapa, para hacer una parada de descanso o, sencillamente, para detenerte y mirar el paisaje que tienes delante. Y tambi\u00e9n, a medida que construyas tu viaje, para compartir contigo el momento de felicitarte y descubrirte de nuevo.<\/p>\n<\/div>[vc_empty_space height=\u00bb4px\u00bb][vc_column_text]A lo largo de mi aventura de vida he tenido la suerte de tener a mi lado a muchas personas que me han ayudado a convertirme en quien soy. Entre ellas hay profesores y profesoras de las que he aprendido una manera de mirar y acompa\u00f1ar con conciencia, respeto y humildad, as\u00ed como un supervisor y una supervisora fant\u00e1sticos que siempre est\u00e1n dispuestos a hacerme ver que existe una gama infinita de colores en cada momento y en cada persona y que, a veces, es necesario encontrar la forma y las palabras adecuadas para lograr lo que queremos crear.[\/vc_column_text][\/vc_column][vc_column offset=\u00bbvc_col-lg-6 vc_col-md-12&#8243;][vc_empty_space]<div class=\"qodef-shortcode qodef-m  qodef-stacked-images qodef-layout--default qodef-stack--bottom\">\n\t<div class=\"qodef-m-images\">\n\t\t<div class=\"qodef-e-main-image-holder\">\n\t\t\t<div class=\"qodef-e-main-image-zoom-holder\">\n\t\t\t\t\t\t\t<img loading=\"lazy\" decoding=\"async\" width=\"1000\" height=\"639\" src=\"https:\/\/silviagarciapsicologia.com\/wp-content\/uploads\/2023\/07\/silvia-garcia-psicologia-espai.png\" class=\"qodef-e-main-image\" alt=\"S\u00edlvia Garcia Espai Psicologia\" srcset=\"https:\/\/silviagarciapsicologia.com\/wp-content\/uploads\/2023\/07\/silvia-garcia-psicologia-espai.png 1000w, https:\/\/silviagarciapsicologia.com\/wp-content\/uploads\/2023\/07\/silvia-garcia-psicologia-espai-300x192.png 300w, https:\/\/silviagarciapsicologia.com\/wp-content\/uploads\/2023\/07\/silvia-garcia-psicologia-espai-768x491.png 768w\" sizes=\"auto, (max-width: 1000px) 100vw, 1000px\" \/>\t\t\t\t\t\t<\/div>\n\t\t<\/div>\n\t\t\t\n\t<\/div>\n<\/div><div class=\"qodef-shortcode qodef-m  qodef-stacked-images qodef-layout--default qodef-stack--bottom\">\n\t<div class=\"qodef-m-images\">\n\t\t<div class=\"qodef-e-main-image-holder\">\n\t\t\t<div class=\"qodef-e-main-image-zoom-holder\">\n\t\t\t\t\t\t\t<img loading=\"lazy\" decoding=\"async\" width=\"1000\" height=\"639\" src=\"https:\/\/silviagarciapsicologia.com\/wp-content\/uploads\/2023\/07\/silvia-garcia-espai-psicologia.png\" class=\"qodef-e-main-image\" alt=\"S\u00edlvia Garcia Espai Psicologia\" srcset=\"https:\/\/silviagarciapsicologia.com\/wp-content\/uploads\/2023\/07\/silvia-garcia-espai-psicologia.png 1000w, https:\/\/silviagarciapsicologia.com\/wp-content\/uploads\/2023\/07\/silvia-garcia-espai-psicologia-300x192.png 300w, https:\/\/silviagarciapsicologia.com\/wp-content\/uploads\/2023\/07\/silvia-garcia-espai-psicologia-768x491.png 768w\" sizes=\"auto, (max-width: 1000px) 100vw, 1000px\" \/>\t\t\t\t\t\t<\/div>\n\t\t<\/div>\n\t\t\t\n\t<\/div>\n<\/div>[\/vc_column][\/vc_row][vc_row parallax=\u00bbcontent-moving\u00bb parallax_image=\u00bb2144&#8243; parallax_speed_bg=\u00bb1.2&#8243; css=\u00bb.vc_custom_1689688324473{padding-top: 221px !important;padding-bottom: 222px !important;}\u00bb][vc_column][\/vc_column][\/vc_row][vc_row content_placement=\u00bbmiddle\u00bb row_content_width=\u00bbgrid\u00bb css=\u00bb.vc_custom_1576670978216{padding-top: 112px !important;padding-bottom: 40px !important;}\u00bb][vc_column offset=\u00bbvc_col-lg-6 vc_col-md-12&#8243; column_responsive_padding_1024=\u00bb0px 15px\u00bb]<div class=\"qodef-shortcode qodef-m  qodef-stacked-images qodef-layout--default qodef-stack--bottom\">\n\t<div class=\"qodef-m-images\">\n\t\t<div class=\"qodef-e-main-image-holder\">\n\t\t\t<div class=\"qodef-e-main-image-zoom-holder\">\n\t\t\t\t\t\t\t<img loading=\"lazy\" decoding=\"async\" width=\"1000\" height=\"1394\" src=\"https:\/\/silviagarciapsicologia.com\/wp-content\/uploads\/2023\/07\/silvia-garcia-psicologia-treball-familiar.png\" class=\"qodef-e-main-image\" alt=\"S\u00edlvia Garcia Espai Psicologia\" srcset=\"https:\/\/silviagarciapsicologia.com\/wp-content\/uploads\/2023\/07\/silvia-garcia-psicologia-treball-familiar.png 1000w, https:\/\/silviagarciapsicologia.com\/wp-content\/uploads\/2023\/07\/silvia-garcia-psicologia-treball-familiar-215x300.png 215w, https:\/\/silviagarciapsicologia.com\/wp-content\/uploads\/2023\/07\/silvia-garcia-psicologia-treball-familiar-735x1024.png 735w, https:\/\/silviagarciapsicologia.com\/wp-content\/uploads\/2023\/07\/silvia-garcia-psicologia-treball-familiar-768x1071.png 768w\" sizes=\"auto, (max-width: 1000px) 100vw, 1000px\" \/>\t\t\t\t\t\t<\/div>\n\t\t<\/div>\n\t\t\t\n\t<\/div>\n<\/div>[\/vc_column][vc_column css=\u00bb.vc_custom_1578496116730{padding-bottom: 39px !important;padding-left: 17% !important;}\u00bb offset=\u00bbvc_col-lg-6 vc_col-md-12&#8243; column_responsive_padding_1024=\u00bb0px 15px\u00bb column_responsive_padding_1440=\u00bb0px 15px 33px 7%\u00bb column_responsive_padding_1366=\u00bb0px 3% 33px 18px\u00bb]<div class=\"qodef-shortcode qodef-m  qodef-section-title qodef-alignment--left \">\n\t\t<p class=\"qodef-m-subtitle\" style=\"color: #3e3930\">Espai de Psicologia<\/p>\n\t\t<h3 class=\"qodef-m-title\" style=\"color: #3e3930\">\n\t\t\t\t\tS\u00edlvia Garcia\t\t\t<\/h3>\n\t\t<p class=\"qodef-m-text\" >Me he especializado en el \u00e1rea de familia y, dentro del modelo sist\u00e9mico, me he especializado en terapia sist\u00e9mica breve, trauma, mediaci\u00f3n familiar y psicolog\u00eda jur\u00eddica. Me gusta pensar que nunca dejar\u00e9 de ser aprendiz de nuevas t\u00e9cnicas, modelos y maneras de acompa\u00f1ar a las personas, porque en ello he descubierto una de mis fuentes de felicidad.&lt;br \/&gt;\nTengo la suerte de tener cerca, adem\u00e1s, a personas con las que comparto el viaje de vivir. Dos grandes maestros, de 6 y 10 a\u00f1os en la actualidad, son el mejor ejemplo. Ellos me ayudan a construirme cada d\u00eda y me recuerdan que como madre estoy en un proceso de formaci\u00f3n permanente, del que no puedo distraerme mucho porque de repente aparecen ex\u00e1menes sorpresa... y es que ser madre es, sin duda, la mejor de las aventuras que la vida me ha regalado; un reto que me hace sentir que nunca estoy preparada del todo y ello me parece maravilloso y un aprendizaje continuo.&lt;br \/&gt;\n<\/p>\n<\/div>[vc_empty_space height=\u00bb4px\u00bb][vc_column_text]Me confieso adicta a la lectura, a los frutos secos y a las conversaciones con amigas para arreglar el mundo. Me encanta cocinar en familia, mirar el cielo con mi hijo mayor, alucinar viendo la \u00faltima obra de arte de mi hijo peque\u00f1o o mirarlo mientras juega al f\u00fatbol. Me gusta pasear junto a las personas que amo, soy de las que cuando empiezan una serie tienen que acabarla s\u00ed o s\u00ed; y nadar se convierte, casi siempre, en mi lugar de conexi\u00f3n conmigo misma.[\/vc_column_text][vc_raw_html]JTNDc3Ryb25nJTNFTGljZW5jaWFkYSUyMGVuJTIwUHNpY29sb2clQzMlQURhJTIwcG9yJTIwbGElMjBVQUIuJTIwQ29sZWdpYWRhJTIwbiVDMyVCQW0uJTIwMTg1MzclM0MlMkZzdHJvbmclM0UlM0NiciUzRSUwQU0lQzMlQTFzdGVyJTIwZW4lMjBQc2ljb2xvZyVDMyVBRGElMjBGb3JlbnNlLiUyMElTRVAuJTNDYnIlM0UlMEElM0NzdHJvbmclM0VQb3N0Z3JhZG8lMjBlbiUyMFJlc29sdWNpJUMzJUIzbiUyMGRlJTIwY29uZmxpY3RvcyUyMHklMjBtZWRpYWNpJUMzJUIzbiUyMGZhbWlsaWFyJTIwc2lzdCVDMyVBOW1pY2EuJTNDJTJGc3Ryb25nJTNFJTNDYnIlM0UlMEFDb29yZGluYWRvcmElMjBkZSUyMHBhcmVudGFsaWRhZC4lMjBDT1BDJTNDYnIlM0UlMEElM0NzdHJvbmclM0VGb3JtYWNpJUMzJUIzbiUyMGVuJTIwbGElMjAlMjJ0JUMzJUE5Y25pY2ElMjBkZSUyMGxhJTIwY2FqYSUyMGRlJTIwYXJlbmElMjIlMjAlMjhuaXZlbGVzJTIwSSUyMHklMjBJSSUyOS4lMjBQc2ljb3Zlcml0YXMlM0MlMkZzdHJvbmclM0UlM0NiciUzRSUwQUludGVydmVuY2klQzMlQjNuJTIwZW1vY2lvbmFsJTIweSUyMGRlJTIwY29uZHVjdGElMjBlbiUyMHRlcmFwaWElMjBicmV2ZSUyMGVzdHJhdCVDMyVBOWdpY2EuJTIwSW50ZWdyYXRlayUzQ2JyJTNFJTBBJTNDc3Ryb25nJTNFRXNwZWNpYWxpemFjaSVDMyVCM24lMjBlbiUyMFRlcmFwaWElMjBzaXN0JUMzJUE5bWljYSUyMGJyZXZlLiUyMFVPQyUzQyUyRnN0cm9uZyUzRSUzQ2JyJTNFJTBBRXNwZWNpYWxpemFjaSVDMyVCM24lMjBlbiUyMFRyYXVtYSUyMHklMjBFTURSLiUyMFVOSVIlM0NiciUzRQ==[\/vc_raw_html][\/vc_column][\/vc_row]<\/p>\n<\/section>","protected":false},"excerpt":{"rendered":"<p>[vc_row content_placement=\u00bbmiddle\u00bb row_content_width=\u00bbgrid\u00bb content_text_alignment=\u00bbcenter\u00bb css=\u00bb.vc_custom_1689688721051{background-image: url(https:\/\/silviagarciapsicologia.com\/wp-content\/uploads\/2023\/07\/psicologia-garcia-silvia.png?id=2150) !important;}\u00bb el_class=\u00bbqodef-margin-grid\u00bb][vc_column css=\u00bb.vc_custom_1575456515187{padding-top: 239px !important;padding-bottom: 267px !important;}\u00bb column_responsive_padding_1024=\u00bb127px 15px 153px\u00bb column_responsive_padding_680=\u00bb72px 15px 87px\u00bb column_responsive_padding_1440=\u00bb150px 15px 176px\u00bb][\/vc_column][\/vc_row][vc_row content_placement=\u00bbmiddle\u00bb row_content_width=\u00bbgrid\u00bb css=\u00bb.vc_custom_1688567102051{padding-top: 112px !important;padding-bottom: 40px !important;}\u00bb][vc_column css=\u00bb.vc_custom_1578494993850{padding-right: 17% !important;padding-bottom: 39px !important;}\u00bb offset=\u00bbvc_col-lg-6 vc_col-md-12&#8243; column_responsive_padding_1024=\u00bb0px 15px\u00bb column_responsive_padding_1440=\u00bb0px 15px 33px 7%\u00bb column_responsive_padding_1366=\u00bb0px 18px 33px 3%\u00bb column_responsive_padding_1280=\u00bb0px 18px 33px 3%\u00bb][vc_empty_space height=\u00bb102px\u00bb][vc_empty_space height=\u00bb4px\u00bb][vc_column_text]A lo largo de [&hellip;]<\/p>\n","protected":false},"author":1,"featured_media":0,"parent":0,"menu_order":0,"comment_status":"closed","ping_status":"closed","template":"page-full-width.php","meta":{"_joinchat":[],"footnotes":""},"class_list":["post-2414","page","type-page","status-publish","hentry"],"yoast_head":"<!-- This site is optimized with the Yoast SEO plugin v27.2 - https:\/\/yoast.com\/product\/yoast-seo-wordpress\/ -->\n<title>Qui\u00e9n Soy Yo \u00b7 S\u00edlvia Garcia Psicolog\u00eda Manresa \u00b7 Psic\u00f3loga Manre<\/title>\n<meta name=\"description\" content=\"Qui\u00e9n Soy Yo \u00b7 S\u00edlvia Garcia Psicolog\u00eda Manresa \u00b7 Psic\u00f3loga Manresa \u00b7 Qui\u00e9n Soy Yo \u00b7 S\u00edlvia Garcia Psicolog\u00eda Manresa \u00b7 Psic\u00f3loga Manresa\" \/>\n<meta name=\"robots\" content=\"index, follow, max-snippet:-1, max-image-preview:large, max-video-preview:-1\" \/>\n<link rel=\"canonical\" href=\"https:\/\/silviagarciapsicologia.com\/es\/qui-soc-jo\/\" \/>\n<meta property=\"og:locale\" content=\"es_ES\" \/>\n<meta property=\"og:type\" content=\"article\" \/>\n<meta property=\"og:title\" content=\"Qui\u00e9n Soy Yo \u00b7 S\u00edlvia Garcia Psicolog\u00eda Manresa \u00b7 Psic\u00f3loga Manre\" \/>\n<meta property=\"og:description\" content=\"Qui\u00e9n Soy Yo \u00b7 S\u00edlvia Garcia Psicolog\u00eda Manresa \u00b7 Psic\u00f3loga Manresa \u00b7 Qui\u00e9n Soy Yo \u00b7 S\u00edlvia Garcia Psicolog\u00eda Manresa \u00b7 Psic\u00f3loga Manresa\" \/>\n<meta property=\"og:url\" content=\"https:\/\/silviagarciapsicologia.com\/es\/qui-soc-jo\/\" \/>\n<meta property=\"og:site_name\" content=\"S&iacute;lvia Garcia Psicologia\" \/>\n<meta property=\"article:modified_time\" content=\"2023-08-02T10:28:01+00:00\" \/>\n<meta name=\"twitter:card\" content=\"summary_large_image\" \/>\n<meta name=\"twitter:label1\" content=\"Tiempo de lectura\" \/>\n\t<meta name=\"twitter:data1\" content=\"4 minutos\" \/>\n<script type=\"application\/ld+json\" class=\"yoast-schema-graph\">{\"@context\":\"https:\/\/schema.org\",\"@graph\":[{\"@type\":\"WebPage\",\"@id\":\"https:\/\/silviagarciapsicologia.com\/es\/qui-soc-jo\/\",\"url\":\"https:\/\/silviagarciapsicologia.com\/es\/qui-soc-jo\/\",\"name\":\"Qui\u00e9n Soy Yo \u00b7 S\u00edlvia Garcia Psicolog\u00eda Manresa \u00b7 Psic\u00f3loga Manre\",\"isPartOf\":{\"@id\":\"https:\/\/silviagarciapsicologia.com\/#website\"},\"datePublished\":\"2019-11-07T11:25:21+00:00\",\"dateModified\":\"2023-08-02T10:28:01+00:00\",\"description\":\"Qui\u00e9n Soy Yo \u00b7 S\u00edlvia Garcia Psicolog\u00eda Manresa \u00b7 Psic\u00f3loga Manresa \u00b7 Qui\u00e9n Soy Yo \u00b7 S\u00edlvia Garcia Psicolog\u00eda Manresa \u00b7 Psic\u00f3loga Manresa\",\"breadcrumb\":{\"@id\":\"https:\/\/silviagarciapsicologia.com\/es\/qui-soc-jo\/#breadcrumb\"},\"inLanguage\":\"es\",\"potentialAction\":[{\"@type\":\"ReadAction\",\"target\":[\"https:\/\/silviagarciapsicologia.com\/es\/qui-soc-jo\/\"]}]},{\"@type\":\"BreadcrumbList\",\"@id\":\"https:\/\/silviagarciapsicologia.com\/es\/qui-soc-jo\/#breadcrumb\",\"itemListElement\":[{\"@type\":\"ListItem\",\"position\":1,\"name\":\"Inici\",\"item\":\"https:\/\/silviagarciapsicologia.com\/es\/\"},{\"@type\":\"ListItem\",\"position\":2,\"name\":\"Qui\u00e9n Soy Yo\"}]},{\"@type\":\"WebSite\",\"@id\":\"https:\/\/silviagarciapsicologia.com\/#website\",\"url\":\"https:\/\/silviagarciapsicologia.com\/\",\"name\":\"S&iacute;lvia Garcia Psicologia\",\"description\":\"Espai de Psicologia\",\"publisher\":{\"@id\":\"https:\/\/silviagarciapsicologia.com\/#organization\"},\"potentialAction\":[{\"@type\":\"SearchAction\",\"target\":{\"@type\":\"EntryPoint\",\"urlTemplate\":\"https:\/\/silviagarciapsicologia.com\/?s={search_term_string}\"},\"query-input\":{\"@type\":\"PropertyValueSpecification\",\"valueRequired\":true,\"valueName\":\"search_term_string\"}}],\"inLanguage\":\"es\"},{\"@type\":\"Organization\",\"@id\":\"https:\/\/silviagarciapsicologia.com\/#organization\",\"name\":\"S&iacute;lvia Garcia Psicologia\",\"url\":\"https:\/\/silviagarciapsicologia.com\/\",\"logo\":{\"@type\":\"ImageObject\",\"inLanguage\":\"es\",\"@id\":\"https:\/\/silviagarciapsicologia.com\/#\/schema\/logo\/image\/\",\"url\":\"https:\/\/silviagarciapsicologia.com\/wp-content\/uploads\/2023\/07\/silvia_garcia_psicologia-logo.png\",\"contentUrl\":\"https:\/\/silviagarciapsicologia.com\/wp-content\/uploads\/2023\/07\/silvia_garcia_psicologia-logo.png\",\"width\":1100,\"height\":1496,\"caption\":\"S&iacute;lvia Garcia Psicologia\"},\"image\":{\"@id\":\"https:\/\/silviagarciapsicologia.com\/#\/schema\/logo\/image\/\"}}]}<\/script>\n<!-- \/ Yoast SEO plugin. -->","yoast_head_json":{"title":"Qui\u00e9n Soy Yo \u00b7 S\u00edlvia Garcia Psicolog\u00eda Manresa \u00b7 Psic\u00f3loga Manre","description":"Qui\u00e9n Soy Yo \u00b7 S\u00edlvia Garcia Psicolog\u00eda Manresa \u00b7 Psic\u00f3loga Manresa \u00b7 Qui\u00e9n Soy Yo \u00b7 S\u00edlvia Garcia Psicolog\u00eda Manresa \u00b7 Psic\u00f3loga Manresa","robots":{"index":"index","follow":"follow","max-snippet":"max-snippet:-1","max-image-preview":"max-image-preview:large","max-video-preview":"max-video-preview:-1"},"canonical":"https:\/\/silviagarciapsicologia.com\/es\/qui-soc-jo\/","og_locale":"es_ES","og_type":"article","og_title":"Qui\u00e9n Soy Yo \u00b7 S\u00edlvia Garcia Psicolog\u00eda Manresa \u00b7 Psic\u00f3loga Manre","og_description":"Qui\u00e9n Soy Yo \u00b7 S\u00edlvia Garcia Psicolog\u00eda Manresa \u00b7 Psic\u00f3loga Manresa \u00b7 Qui\u00e9n Soy Yo \u00b7 S\u00edlvia Garcia Psicolog\u00eda Manresa \u00b7 Psic\u00f3loga Manresa","og_url":"https:\/\/silviagarciapsicologia.com\/es\/qui-soc-jo\/","og_site_name":"S&iacute;lvia Garcia Psicologia","article_modified_time":"2023-08-02T10:28:01+00:00","twitter_card":"summary_large_image","twitter_misc":{"Tiempo de lectura":"4 minutos"},"schema":{"@context":"https:\/\/schema.org","@graph":[{"@type":"WebPage","@id":"https:\/\/silviagarciapsicologia.com\/es\/qui-soc-jo\/","url":"https:\/\/silviagarciapsicologia.com\/es\/qui-soc-jo\/","name":"Qui\u00e9n Soy Yo \u00b7 S\u00edlvia Garcia Psicolog\u00eda Manresa \u00b7 Psic\u00f3loga Manre","isPartOf":{"@id":"https:\/\/silviagarciapsicologia.com\/#website"},"datePublished":"2019-11-07T11:25:21+00:00","dateModified":"2023-08-02T10:28:01+00:00","description":"Qui\u00e9n Soy Yo \u00b7 S\u00edlvia Garcia Psicolog\u00eda Manresa \u00b7 Psic\u00f3loga Manresa \u00b7 Qui\u00e9n Soy Yo \u00b7 S\u00edlvia Garcia Psicolog\u00eda Manresa \u00b7 Psic\u00f3loga Manresa","breadcrumb":{"@id":"https:\/\/silviagarciapsicologia.com\/es\/qui-soc-jo\/#breadcrumb"},"inLanguage":"es","potentialAction":[{"@type":"ReadAction","target":["https:\/\/silviagarciapsicologia.com\/es\/qui-soc-jo\/"]}]},{"@type":"BreadcrumbList","@id":"https:\/\/silviagarciapsicologia.com\/es\/qui-soc-jo\/#breadcrumb","itemListElement":[{"@type":"ListItem","position":1,"name":"Inici","item":"https:\/\/silviagarciapsicologia.com\/es\/"},{"@type":"ListItem","position":2,"name":"Qui\u00e9n Soy Yo"}]},{"@type":"WebSite","@id":"https:\/\/silviagarciapsicologia.com\/#website","url":"https:\/\/silviagarciapsicologia.com\/","name":"S&iacute;lvia Garcia Psicologia","description":"Espai de Psicologia","publisher":{"@id":"https:\/\/silviagarciapsicologia.com\/#organization"},"potentialAction":[{"@type":"SearchAction","target":{"@type":"EntryPoint","urlTemplate":"https:\/\/silviagarciapsicologia.com\/?s={search_term_string}"},"query-input":{"@type":"PropertyValueSpecification","valueRequired":true,"valueName":"search_term_string"}}],"inLanguage":"es"},{"@type":"Organization","@id":"https:\/\/silviagarciapsicologia.com\/#organization","name":"S&iacute;lvia Garcia Psicologia","url":"https:\/\/silviagarciapsicologia.com\/","logo":{"@type":"ImageObject","inLanguage":"es","@id":"https:\/\/silviagarciapsicologia.com\/#\/schema\/logo\/image\/","url":"https:\/\/silviagarciapsicologia.com\/wp-content\/uploads\/2023\/07\/silvia_garcia_psicologia-logo.png","contentUrl":"https:\/\/silviagarciapsicologia.com\/wp-content\/uploads\/2023\/07\/silvia_garcia_psicologia-logo.png","width":1100,"height":1496,"caption":"S&iacute;lvia Garcia Psicologia"},"image":{"@id":"https:\/\/silviagarciapsicologia.com\/#\/schema\/logo\/image\/"}}]}},"_links":{"self":[{"href":"https:\/\/silviagarciapsicologia.com\/es\/wp-json\/wp\/v2\/pages\/2414","targetHints":{"allow":["GET"]}}],"collection":[{"href":"https:\/\/silviagarciapsicologia.com\/es\/wp-json\/wp\/v2\/pages"}],"about":[{"href":"https:\/\/silviagarciapsicologia.com\/es\/wp-json\/wp\/v2\/types\/page"}],"author":[{"embeddable":true,"href":"https:\/\/silviagarciapsicologia.com\/es\/wp-json\/wp\/v2\/users\/1"}],"replies":[{"embeddable":true,"href":"https:\/\/silviagarciapsicologia.com\/es\/wp-json\/wp\/v2\/comments?post=2414"}],"version-history":[{"count":3,"href":"https:\/\/silviagarciapsicologia.com\/es\/wp-json\/wp\/v2\/pages\/2414\/revisions"}],"predecessor-version":[{"id":2417,"href":"https:\/\/silviagarciapsicologia.com\/es\/wp-json\/wp\/v2\/pages\/2414\/revisions\/2417"}],"wp:attachment":[{"href":"https:\/\/silviagarciapsicologia.com\/es\/wp-json\/wp\/v2\/media?parent=2414"}],"curies":[{"name":"wp","href":"https:\/\/api.w.org\/{rel}","templated":true}]}}